{"id":373,"date":"2017-09-12T10:24:15","date_gmt":"2017-09-12T09:24:15","guid":{"rendered":"https:\/\/st-trend.si\/reference\/"},"modified":"2018-05-29T08:20:11","modified_gmt":"2018-05-29T06:20:11","slug":"references","status":"publish","type":"page","link":"https:\/\/www.st-trend.si\/en\/references\/","title":{"rendered":"References"},"content":{"rendered":"<div id='av_section_1'  class='avia-section av-av_section-e20ec1361547d950b6e2569930d6aa41 main_color avia-section-default avia-no-shadow  avia-builder-el-0  avia-builder-el-no-sibling  avia-bg-style-scroll container_wrap sidebar_right'  ><div class='container av-section-cont-open' ><main  role=\"main\" itemprop=\"mainContentOfPage\"  class='template-page content  av-content-small alpha units'><div class='post-entry post-entry-type-page post-entry-373'><div class='entry-content-wrapper clearfix'>\n\n<style type=\"text\/css\" data-created_by=\"avia_inline_auto\" id=\"style-css-av-av_heading-b357e333dda69573a7026ca5efdcef37\">\n#top .av-special-heading.av-av_heading-b357e333dda69573a7026ca5efdcef37{\npadding-bottom:20px;\nfont-size:34px;\n}\nbody .av-special-heading.av-av_heading-b357e333dda69573a7026ca5efdcef37 .av-special-heading-tag .heading-char{\nfont-size:25px;\n}\n#top #wrap_all .av-special-heading.av-av_heading-b357e333dda69573a7026ca5efdcef37 .av-special-heading-tag{\nfont-size:34px;\n}\n.av-special-heading.av-av_heading-b357e333dda69573a7026ca5efdcef37 .av-subheading{\nfont-size:15px;\n}\n\n@media only screen and (min-width: 480px) and (max-width: 767px){ \n#top #wrap_all .av-special-heading.av-av_heading-b357e333dda69573a7026ca5efdcef37 .av-special-heading-tag{\nfont-size:0.8em;\n}\n}\n\n@media only screen and (max-width: 479px){ \n#top #wrap_all .av-special-heading.av-av_heading-b357e333dda69573a7026ca5efdcef37 .av-special-heading-tag{\nfont-size:0.8em;\n}\n}\n<\/style>\n<div  class='av-special-heading av-av_heading-b357e333dda69573a7026ca5efdcef37 av-special-heading-h3 blockquote modern-quote  avia-builder-el-1  el_before_av_textblock  avia-builder-el-first  av-inherit-size'><h3 class='av-special-heading-tag '  itemprop=\"headline\"  >References : <\/h3><div class=\"special-heading-border\"><div class=\"special-heading-inner-border\"><\/div><\/div><\/div>\n\n<style type=\"text\/css\" data-created_by=\"avia_inline_auto\" id=\"style-css-av-av_textblock-45e5de1e13c269a5c6bd3aa0654d2677\">\n#top .av_textblock_section.av-av_textblock-45e5de1e13c269a5c6bd3aa0654d2677 .avia_textblock{\nfont-size:18px;\n}\n<\/style>\n<section  class='av_textblock_section av-av_textblock-45e5de1e13c269a5c6bd3aa0654d2677 '   itemscope=\"itemscope\" itemtype=\"https:\/\/schema.org\/CreativeWork\" ><div class='avia_textblock'  itemprop=\"text\" ><p>ST-TREND d.o.o. company is trusted also by the world\u2019s reputable concerns. Devices that we have projected or produced as a direct contractor or subcontractor perform their function in various continents of the world. For the detailed reference list, please <u><a href=\"\/en\/contact\/\">contact<\/a> us<\/u>.<\/p>\n<\/div><\/section>\n\n<style type=\"text\/css\" data-created_by=\"avia_inline_auto\" id=\"style-css-av-av_textblock-20bcaecddc52397320737f91e265a08a\">\n#top .av_textblock_section.av-av_textblock-20bcaecddc52397320737f91e265a08a .avia_textblock{\ncolor:#0075bf;\n}\n<\/style>\n<section  class='av_textblock_section av-av_textblock-20bcaecddc52397320737f91e265a08a '   itemscope=\"itemscope\" itemtype=\"https:\/\/schema.org\/CreativeWork\" ><div class='avia_textblock av_inherit_color'  itemprop=\"text\" ><p>The countries where our products can already be found are coloured blue on the map.<\/p>\n<\/div><\/section>\n\n<style type=\"text\/css\" data-created_by=\"avia_inline_auto\" id=\"style-css-av-av_hr-503b403f397c2bc1831147a178dd3f6c\">\n#top .hr.hr-invisible.av-av_hr-503b403f397c2bc1831147a178dd3f6c{\nheight:25px;\n}\n<\/style>\n<div  class='hr av-av_hr-503b403f397c2bc1831147a178dd3f6c hr-invisible  avia-builder-el-4  el_after_av_textblock  el_before_av_textblock '><span class='hr-inner '><span class=\"hr-inner-style\"><\/span><\/span><\/div>\n<section  class='av_textblock_section av-av_textblock-2bd894dbf2e4bf2c4acf98ce4fbf94aa '   itemscope=\"itemscope\" itemtype=\"https:\/\/schema.org\/CreativeWork\" ><div class='avia_textblock'  itemprop=\"text\" ><div id=\"unique_iwm_0\"><div class='iwm_map_canvas'><div id='map_canvas_1' data-map-id='1'  class='i_world_map ' class='iwm_map_canvas'><div class='iwm_placeholder'><img width='32px' alt='Reference Placeholder' title='Reference' src='https:\/\/www.st-trend.si\/wp-content\/plugins\/interactive-world-maps\/imgs\/placeholder.png'><br>Reference<\/div><\/div><\/div><\/div>\n<\/div><\/section>\n\n<style type=\"text\/css\" data-created_by=\"avia_inline_auto\" id=\"style-css-av-av_hr-503b403f397c2bc1831147a178dd3f6c\">\n#top .hr.hr-invisible.av-av_hr-503b403f397c2bc1831147a178dd3f6c{\nheight:25px;\n}\n<\/style>\n<div  class='hr av-av_hr-503b403f397c2bc1831147a178dd3f6c hr-invisible  avia-builder-el-6  el_after_av_textblock  el_before_av_textblock '><span class='hr-inner '><span class=\"hr-inner-style\"><\/span><\/span><\/div>\n<section  class='av_textblock_section av-av_textblock-48131a453ea4366b71faceefa190c15b '   itemscope=\"itemscope\" itemtype=\"https:\/\/schema.org\/CreativeWork\" ><div class='avia_textblock'  itemprop=\"text\" ><p><em><strong>Europe<\/strong><\/em><em>: Slovenia, Germany, France, Austria, Great Britain, Russia, Luxemburg, Slovakia, Spain, Serbia<\/em><\/p>\n<p><em><strong>Asia<\/strong><\/em><em>: China, India, Jordan, <\/em><em>Saudi Arabia <\/em><\/p>\n<p><em><strong>Americas<\/strong><\/em><em>: USA, Canada, Mexico<\/em><\/p>\n<\/div><\/section>\n<\/div><\/div><\/main><!-- close content main element --><\/div><\/div><div id='after_section_1'  class='main_color av_default_container_wrap container_wrap sidebar_right'  ><div class='container av-section-cont-open' ><div class='template-page content  av-content-small alpha units'><div class='post-entry post-entry-type-page post-entry-373'><div class='entry-content-wrapper clearfix'>\n","protected":false},"excerpt":{"rendered":"","protected":false},"author":1,"featured_media":0,"parent":0,"menu_order":0,"comment_status":"closed","ping_status":"closed","template":"","meta":{"iawp_total_views":47,"footnotes":""},"class_list":["post-373","page","type-page","status-publish","hentry"],"yoast_head":"<!-- This site is optimized with the Yoast SEO plugin v26.1.1 - https:\/\/yoast.com\/wordpress\/plugins\/seo\/ -->\n<title>References - ST-TREND. Projektiranje, izdelava in monta\u017ea strojev, postrojenj in delov strojev.<\/title>\n<meta name=\"robots\" content=\"index, follow, max-snippet:-1, max-image-preview:large, max-video-preview:-1\" \/>\n<link rel=\"canonical\" href=\"https:\/\/www.st-trend.si\/en\/references\/\" \/>\n<meta property=\"og:locale\" content=\"en_US\" \/>\n<meta property=\"og:type\" content=\"article\" \/>\n<meta property=\"og:title\" content=\"References - ST-TREND. Projektiranje, izdelava in monta\u017ea strojev, postrojenj in delov strojev.\" \/>\n<meta property=\"og:url\" content=\"https:\/\/www.st-trend.si\/en\/references\/\" \/>\n<meta property=\"og:site_name\" content=\"ST-TREND. Projektiranje, izdelava in monta\u017ea strojev, postrojenj in delov strojev.\" \/>\n<meta property=\"article:modified_time\" content=\"2018-05-29T06:20:11+00:00\" \/>\n<meta name=\"twitter:card\" content=\"summary_large_image\" \/>\n<meta name=\"twitter:label1\" content=\"Est. reading time\" \/>\n\t<meta name=\"twitter:data1\" content=\"2 minutes\" \/>\n<script type=\"application\/ld+json\" class=\"yoast-schema-graph\">{\"@context\":\"https:\/\/schema.org\",\"@graph\":[{\"@type\":\"WebPage\",\"@id\":\"https:\/\/www.st-trend.si\/en\/references\/\",\"url\":\"https:\/\/www.st-trend.si\/en\/references\/\",\"name\":\"References - ST-TREND. Projektiranje, izdelava in monta\u017ea strojev, postrojenj in delov strojev.\",\"isPartOf\":{\"@id\":\"https:\/\/www.st-trend.si\/en\/#website\"},\"datePublished\":\"2017-09-12T09:24:15+00:00\",\"dateModified\":\"2018-05-29T06:20:11+00:00\",\"breadcrumb\":{\"@id\":\"https:\/\/www.st-trend.si\/en\/references\/#breadcrumb\"},\"inLanguage\":\"en-US\",\"potentialAction\":[{\"@type\":\"ReadAction\",\"target\":[\"https:\/\/www.st-trend.si\/en\/references\/\"]}]},{\"@type\":\"BreadcrumbList\",\"@id\":\"https:\/\/www.st-trend.si\/en\/references\/#breadcrumb\",\"itemListElement\":[{\"@type\":\"ListItem\",\"position\":1,\"name\":\"Home\",\"item\":\"https:\/\/www.st-trend.si\/en\/\"},{\"@type\":\"ListItem\",\"position\":2,\"name\":\"References\"}]},{\"@type\":\"WebSite\",\"@id\":\"https:\/\/www.st-trend.si\/en\/#website\",\"url\":\"https:\/\/www.st-trend.si\/en\/\",\"name\":\"ST-TREND. Projektiranje, izdelava in monta\u017ea strojev, postrojenj in delov strojev.\",\"description\":\"Projektiramo, izdelamo in montiramo stroje, postrojenja ter dele strojev za razli\u010dna podro\u010dja industrije po lastni dokumentaciji ali dokumentaciji naro\u010dnika. Zaupajo mnoga podjetja razli\u010dnih velikosti, z vseh kontinetov sveta.\",\"potentialAction\":[{\"@type\":\"SearchAction\",\"target\":{\"@type\":\"EntryPoint\",\"urlTemplate\":\"https:\/\/www.st-trend.si\/en\/?s={search_term_string}\"},\"query-input\":{\"@type\":\"PropertyValueSpecification\",\"valueRequired\":true,\"valueName\":\"search_term_string\"}}],\"inLanguage\":\"en-US\"}]}<\/script>\n<!-- \/ Yoast SEO plugin. -->","yoast_head_json":{"title":"References - ST-TREND. Projektiranje, izdelava in monta\u017ea strojev, postrojenj in delov strojev.","robots":{"index":"index","follow":"follow","max-snippet":"max-snippet:-1","max-image-preview":"max-image-preview:large","max-video-preview":"max-video-preview:-1"},"canonical":"https:\/\/www.st-trend.si\/en\/references\/","og_locale":"en_US","og_type":"article","og_title":"References - ST-TREND. Projektiranje, izdelava in monta\u017ea strojev, postrojenj in delov strojev.","og_url":"https:\/\/www.st-trend.si\/en\/references\/","og_site_name":"ST-TREND. Projektiranje, izdelava in monta\u017ea strojev, postrojenj in delov strojev.","article_modified_time":"2018-05-29T06:20:11+00:00","twitter_card":"summary_large_image","twitter_misc":{"Est. reading time":"2 minutes"},"schema":{"@context":"https:\/\/schema.org","@graph":[{"@type":"WebPage","@id":"https:\/\/www.st-trend.si\/en\/references\/","url":"https:\/\/www.st-trend.si\/en\/references\/","name":"References - ST-TREND. Projektiranje, izdelava in monta\u017ea strojev, postrojenj in delov strojev.","isPartOf":{"@id":"https:\/\/www.st-trend.si\/en\/#website"},"datePublished":"2017-09-12T09:24:15+00:00","dateModified":"2018-05-29T06:20:11+00:00","breadcrumb":{"@id":"https:\/\/www.st-trend.si\/en\/references\/#breadcrumb"},"inLanguage":"en-US","potentialAction":[{"@type":"ReadAction","target":["https:\/\/www.st-trend.si\/en\/references\/"]}]},{"@type":"BreadcrumbList","@id":"https:\/\/www.st-trend.si\/en\/references\/#breadcrumb","itemListElement":[{"@type":"ListItem","position":1,"name":"Home","item":"https:\/\/www.st-trend.si\/en\/"},{"@type":"ListItem","position":2,"name":"References"}]},{"@type":"WebSite","@id":"https:\/\/www.st-trend.si\/en\/#website","url":"https:\/\/www.st-trend.si\/en\/","name":"ST-TREND. Projektiranje, izdelava in monta\u017ea strojev, postrojenj in delov strojev.","description":"Projektiramo, izdelamo in montiramo stroje, postrojenja ter dele strojev za razli\u010dna podro\u010dja industrije po lastni dokumentaciji ali dokumentaciji naro\u010dnika. Zaupajo mnoga podjetja razli\u010dnih velikosti, z vseh kontinetov sveta.","potentialAction":[{"@type":"SearchAction","target":{"@type":"EntryPoint","urlTemplate":"https:\/\/www.st-trend.si\/en\/?s={search_term_string}"},"query-input":{"@type":"PropertyValueSpecification","valueRequired":true,"valueName":"search_term_string"}}],"inLanguage":"en-US"}]}},"_links":{"self":[{"href":"https:\/\/www.st-trend.si\/en\/wp-json\/wp\/v2\/pages\/373","targetHints":{"allow":["GET"]}}],"collection":[{"href":"https:\/\/www.st-trend.si\/en\/wp-json\/wp\/v2\/pages"}],"about":[{"href":"https:\/\/www.st-trend.si\/en\/wp-json\/wp\/v2\/types\/page"}],"author":[{"embeddable":true,"href":"https:\/\/www.st-trend.si\/en\/wp-json\/wp\/v2\/users\/1"}],"replies":[{"embeddable":true,"href":"https:\/\/www.st-trend.si\/en\/wp-json\/wp\/v2\/comments?post=373"}],"version-history":[{"count":2,"href":"https:\/\/www.st-trend.si\/en\/wp-json\/wp\/v2\/pages\/373\/revisions"}],"predecessor-version":[{"id":374,"href":"https:\/\/www.st-trend.si\/en\/wp-json\/wp\/v2\/pages\/373\/revisions\/374"}],"wp:attachment":[{"href":"https:\/\/www.st-trend.si\/en\/wp-json\/wp\/v2\/media?parent=373"}],"curies":[{"name":"wp","href":"https:\/\/api.w.org\/{rel}","templated":true}]}}